{"id":639,"date":"2026-03-06T11:54:05","date_gmt":"2026-03-06T11:54:05","guid":{"rendered":"https:\/\/medi-first-research.de\/?page_id=639"},"modified":"2026-03-14T07:17:13","modified_gmt":"2026-03-14T07:17:13","slug":"datenschutz","status":"publish","type":"page","link":"https:\/\/medi-first-research.de\/en\/datenschutz\/","title":{"rendered":"Privacy Policy"},"content":{"rendered":"<div id=\"fws_69d4b9ee042cd\"  data-column-margin=\"default\" data-midnight=\"dark\" data-top-percent=\"6%\" data-bottom-percent=\"6%\"  class=\"wpb_row vc_row-fluid vc_row full-width-section has-row-bg-color vc_row-o-equal-height vc_row-flex vc_row-o-content-middle  top_padding_tablet_90px top_padding_phone_60px bottom_padding_tablet_90px bottom_padding_phone_60px\"  style=\"padding-top: calc(100vw * 0.06); padding-bottom: calc(100vw * 0.06); --row-bg-color: #EEEEEE;\"><div class=\"row-bg-wrap\" data-bg-animation=\"none\" data-bg-animation-delay=\"\" data-bg-overlay=\"false\"><div class=\"inner-wrap row-bg-layer\" ><div class=\"row-bg viewport-desktop using-bg-color\"  style=\"background-color: #EEEEEE; \"><\/div><\/div><\/div><div class=\"row_col_wrap_12 col span_12 dark left\">\n\t<div  class=\"vc_col-sm-12 wpb_column column_container vc_column_container col centered-text has-animation no-extra-padding inherit_tablet inherit_phone\"  data-padding-pos=\"all\" data-has-bg-color=\"false\" data-bg-color=\"\" data-bg-opacity=\"1\" data-animation=\"fade-in-from-left\" data-delay=\"0\" >\n\t\t<div class=\"vc_column-inner\" >\n\t\t\t<div class=\"wpb_wrapper\">\n\t\t\t\t\n<div class=\"wpb_text_column wpb_content_element\" >\n\t<h1>Privacy Policy<\/h1>\n<\/div>\n\n\n\n\n\t\t\t<\/div> \n\t\t<\/div>\n\t<\/div> \n<\/div><\/div>\n\t\t<div id=\"fws_69d4b9ee04769\"  data-column-margin=\"default\" data-midnight=\"dark\" data-top-percent=\"5%\" data-bottom-percent=\"5%\"  class=\"wpb_row vc_row-fluid vc_row full-width-section  top_padding_tablet_50px top_padding_phone_40px bottom_padding_tablet_50px bottom_padding_phone_40px\"  style=\"padding-top: calc(100vw * 0.05); padding-bottom: calc(100vw * 0.05); \"><div class=\"row-bg-wrap\" data-bg-animation=\"none\" data-bg-animation-delay=\"\" data-bg-overlay=\"false\"><div class=\"inner-wrap row-bg-layer\" ><div class=\"row-bg viewport-desktop\"  style=\"\"><\/div><\/div><\/div><div class=\"row_col_wrap_12 col span_12 dark left\">\n\t<div  class=\"vc_col-sm-12 wpb_column column_container vc_column_container col no-extra-padding inherit_tablet inherit_phone flex_gap_desktop_10px\"  data-padding-pos=\"all\" data-has-bg-color=\"false\" data-bg-color=\"\" data-bg-opacity=\"1\" data-animation=\"\" data-delay=\"0\" >\n\t\t<div class=\"vc_column-inner\" >\n\t\t\t<div class=\"wpb_wrapper\">\n\t\t\t\t\n<div class=\"wpb_text_column wpb_content_element\" >\n\t<h3>Privacy Policy<\/h3>\n<h5>1. Data protection at a glance<\/h5>\n<p><strong>General information<\/strong><\/p>\n<p>The following information provides a simple overview of what happens to your personal data when you visit our website. Personal data is any data that can be used to personally identify you.<\/p>\n<p>Data collection on this website<\/p>\n<p>Data processing on this website is carried out by the website operator. Their contact details can be found in the legal notice of this website.<\/p>\n<h5>2. General information and mandatory disclosures<\/h5>\n<p><strong>Privacy Policy<\/strong><\/p>\n<p>The protection of your personal data is of particular importance to us. We treat your personal data confidentially and in accordance with the statutory data protection regulations and this privacy policy.<\/p>\n<p>When you use this website, various personal data are collected. This privacy policy explains what data we collect and what we use it for.<\/p>\n<p>Note regarding the responsible body<\/p>\n<p>The responsible body for data processing on this website is:<\/p>\n<p><strong>Medi First Invest GmbH<\/strong><\/p>\n<p>K\u00f6nigstra\u00dfe 3<\/p>\n<p>01097 Dresden<\/p>\n<p>E-Mail: kontakt@medi-first-invest.de<\/p>\n<p>The responsible body is the natural or legal person who, alone or jointly with others, decides on the purposes and means of processing personal data.<\/p>\n<h5>3. Data collection on this website<\/h5>\n<p><strong>Server log files<\/strong><\/p>\n<p>The website provider automatically collects and stores information in so-called server log files, which your browser automatically transmits to us. This includes, for example:<\/p>\n<p>Browser type and browser version<\/p>\n<p>operating system used<\/p>\n<p>Referrer URL<\/p>\n<p>Hostname of the accessing computer<\/p>\n<p>Time of server request<\/p>\n<p>IP-Address<\/p>\n<p>This data will not be merged with other data sources.<\/p>\n<p>Contact form<\/p>\n<p>If you send us inquiries via contact form, your information from the inquiry form, including the contact details you provided there, will be stored for the purpose of processing the inquiry.<\/p>\n<p>We will not share this data without your consent.<\/p>\n<h5>4. Cookies<\/h5>\n<p>Unsere Website verwendet sogenannte Cookies. Cookies richten auf Ihrem Endger\u00e4t keinen Schaden an und enthalten keine Viren. Cookies dienen dazu, unser Angebot nutzerfreundlicher und effektiver zu machen.<\/p>\n<p>Sie k\u00f6nnen Ihren Browser so einstellen, dass Sie \u00fcber das Setzen von Cookies informiert werden und Cookies nur im Einzelfall erlauben.<\/p>\n<\/div>\n\n\n\n\n\t\t\t<\/div> \n\t\t<\/div>\n\t<\/div> \n<\/div><\/div>","protected":false},"excerpt":{"rendered":"Datenschutz Datenschutzerkl\u00e4rung 1. Datenschutz auf einen Blick Allgemeine Hinweise Die folgenden Hinweise geben einen einfachen \u00dcberblick dar\u00fcber, was mit Ihren personenbezogenen Daten passiert, wenn Sie unsere Website besuchen. Personenbezogene Daten...","protected":false},"author":1,"featured_media":0,"parent":0,"menu_order":0,"comment_status":"closed","ping_status":"closed","template":"","meta":{"inline_featured_image":false,"footnotes":""},"class_list":["post-639","page","type-page","status-publish"],"_links":{"self":[{"href":"https:\/\/medi-first-research.de\/en\/wp-json\/wp\/v2\/pages\/639","targetHints":{"allow":["GET"]}}],"collection":[{"href":"https:\/\/medi-first-research.de\/en\/wp-json\/wp\/v2\/pages"}],"about":[{"href":"https:\/\/medi-first-research.de\/en\/wp-json\/wp\/v2\/types\/page"}],"author":[{"embeddable":true,"href":"https:\/\/medi-first-research.de\/en\/wp-json\/wp\/v2\/users\/1"}],"replies":[{"embeddable":true,"href":"https:\/\/medi-first-research.de\/en\/wp-json\/wp\/v2\/comments?post=639"}],"version-history":[{"count":7,"href":"https:\/\/medi-first-research.de\/en\/wp-json\/wp\/v2\/pages\/639\/revisions"}],"predecessor-version":[{"id":1023,"href":"https:\/\/medi-first-research.de\/en\/wp-json\/wp\/v2\/pages\/639\/revisions\/1023"}],"wp:attachment":[{"href":"https:\/\/medi-first-research.de\/en\/wp-json\/wp\/v2\/media?parent=639"}],"curies":[{"name":"wp","href":"https:\/\/api.w.org\/{rel}","templated":true}]}}